{"id":27,"date":"2020-10-25T09:38:40","date_gmt":"2020-10-25T09:38:40","guid":{"rendered":"https:\/\/tsv-mimmenhausen-turnen.de\/?page_id=27"},"modified":"2025-09-30T13:19:40","modified_gmt":"2025-09-30T13:19:40","slug":"willkommen-auf-https-tsv-mimmenhausen-turnen-de","status":"publish","type":"page","link":"https:\/\/tsv-mimmenhausen-turnen.de\/","title":{"rendered":"Willkommen"},"content":{"rendered":"\n<div style=\"height:24px\" aria-hidden=\"true\" class=\"wp-block-spacer\"><\/div>\n\n\n<div class=\"wp-block-image is-resized\">\n<figure class=\"aligncenter size-large\"><img loading=\"lazy\" decoding=\"async\" width=\"1024\" height=\"402\" src=\"https:\/\/tsv-mimmenhausen-turnen.de\/wp-content\/uploads\/2020\/10\/gymwelt-1024x402.png\" alt=\"\" class=\"wp-image-58\" srcset=\"https:\/\/tsv-mimmenhausen-turnen.de\/wp-content\/uploads\/2020\/10\/gymwelt-1024x402.png 1024w, https:\/\/tsv-mimmenhausen-turnen.de\/wp-content\/uploads\/2020\/10\/gymwelt-300x118.png 300w, https:\/\/tsv-mimmenhausen-turnen.de\/wp-content\/uploads\/2020\/10\/gymwelt-768x302.png 768w, https:\/\/tsv-mimmenhausen-turnen.de\/wp-content\/uploads\/2020\/10\/gymwelt-1536x604.png 1536w, https:\/\/tsv-mimmenhausen-turnen.de\/wp-content\/uploads\/2020\/10\/gymwelt.png 1654w\" sizes=\"auto, (max-width: 1024px) 100vw, 1024px\" \/><\/figure>\n<\/div>\n\n\n<p><\/p>\n\n\n\n<p><\/p>\n\n\n\n<p><\/p>\n\n\n\n<figure class=\"wp-block-gallery alignfull has-nested-images columns-8 is-cropped wp-block-gallery-1 is-layout-flex wp-block-gallery-is-layout-flex\">\n<figure class=\"wp-block-image size-large\"><img loading=\"lazy\" decoding=\"async\" width=\"828\" height=\"828\" data-id=\"53\" src=\"https:\/\/tsv-mimmenhausen-turnen.de\/wp-content\/uploads\/2020\/10\/icon_Rueckensport_schwarz_auf_weiss_50mm_rgb_300dpi.jpg\" alt=\"\" class=\"wp-image-53\" srcset=\"https:\/\/tsv-mimmenhausen-turnen.de\/wp-content\/uploads\/2020\/10\/icon_Rueckensport_schwarz_auf_weiss_50mm_rgb_300dpi.jpg 828w, https:\/\/tsv-mimmenhausen-turnen.de\/wp-content\/uploads\/2020\/10\/icon_Rueckensport_schwarz_auf_weiss_50mm_rgb_300dpi-300x300.jpg 300w, https:\/\/tsv-mimmenhausen-turnen.de\/wp-content\/uploads\/2020\/10\/icon_Rueckensport_schwarz_auf_weiss_50mm_rgb_300dpi-150x150.jpg 150w, https:\/\/tsv-mimmenhausen-turnen.de\/wp-content\/uploads\/2020\/10\/icon_Rueckensport_schwarz_auf_weiss_50mm_rgb_300dpi-768x768.jpg 768w, https:\/\/tsv-mimmenhausen-turnen.de\/wp-content\/uploads\/2020\/10\/icon_Rueckensport_schwarz_auf_weiss_50mm_rgb_300dpi-75x75.jpg 75w\" sizes=\"auto, (max-width: 828px) 100vw, 828px\" \/><\/figure>\n\n\n\n<figure class=\"wp-block-image size-large\"><img loading=\"lazy\" decoding=\"async\" width=\"827\" height=\"827\" data-id=\"54\" src=\"https:\/\/tsv-mimmenhausen-turnen.de\/wp-content\/uploads\/2020\/10\/icon_schwebebalken_turnen_schwarz_auf_weiss_50mm_rgb_300dpi.jpg\" alt=\"\" class=\"wp-image-54\" srcset=\"https:\/\/tsv-mimmenhausen-turnen.de\/wp-content\/uploads\/2020\/10\/icon_schwebebalken_turnen_schwarz_auf_weiss_50mm_rgb_300dpi.jpg 827w, https:\/\/tsv-mimmenhausen-turnen.de\/wp-content\/uploads\/2020\/10\/icon_schwebebalken_turnen_schwarz_auf_weiss_50mm_rgb_300dpi-300x300.jpg 300w, https:\/\/tsv-mimmenhausen-turnen.de\/wp-content\/uploads\/2020\/10\/icon_schwebebalken_turnen_schwarz_auf_weiss_50mm_rgb_300dpi-150x150.jpg 150w, https:\/\/tsv-mimmenhausen-turnen.de\/wp-content\/uploads\/2020\/10\/icon_schwebebalken_turnen_schwarz_auf_weiss_50mm_rgb_300dpi-768x768.jpg 768w, https:\/\/tsv-mimmenhausen-turnen.de\/wp-content\/uploads\/2020\/10\/icon_schwebebalken_turnen_schwarz_auf_weiss_50mm_rgb_300dpi-75x75.jpg 75w\" sizes=\"auto, (max-width: 827px) 100vw, 827px\" \/><\/figure>\n\n\n\n<figure class=\"wp-block-image size-large\"><img loading=\"lazy\" decoding=\"async\" width=\"827\" height=\"827\" data-id=\"52\" src=\"https:\/\/tsv-mimmenhausen-turnen.de\/wp-content\/uploads\/2020\/10\/icon_Pilates_schwarz_auf_weiss_50mm_rgb.jpg\" alt=\"\" class=\"wp-image-52\" srcset=\"https:\/\/tsv-mimmenhausen-turnen.de\/wp-content\/uploads\/2020\/10\/icon_Pilates_schwarz_auf_weiss_50mm_rgb.jpg 827w, https:\/\/tsv-mimmenhausen-turnen.de\/wp-content\/uploads\/2020\/10\/icon_Pilates_schwarz_auf_weiss_50mm_rgb-300x300.jpg 300w, https:\/\/tsv-mimmenhausen-turnen.de\/wp-content\/uploads\/2020\/10\/icon_Pilates_schwarz_auf_weiss_50mm_rgb-150x150.jpg 150w, https:\/\/tsv-mimmenhausen-turnen.de\/wp-content\/uploads\/2020\/10\/icon_Pilates_schwarz_auf_weiss_50mm_rgb-768x768.jpg 768w, https:\/\/tsv-mimmenhausen-turnen.de\/wp-content\/uploads\/2020\/10\/icon_Pilates_schwarz_auf_weiss_50mm_rgb-75x75.jpg 75w\" sizes=\"auto, (max-width: 827px) 100vw, 827px\" \/><\/figure>\n\n\n\n<figure class=\"wp-block-image size-large\"><img loading=\"lazy\" decoding=\"async\" width=\"827\" height=\"827\" data-id=\"51\" src=\"https:\/\/tsv-mimmenhausen-turnen.de\/wp-content\/uploads\/2020\/10\/icon_fitnesstanz_schwarz_auf_weiss_50mm_rgb_300dpi.jpg\" alt=\"\" class=\"wp-image-51\" srcset=\"https:\/\/tsv-mimmenhausen-turnen.de\/wp-content\/uploads\/2020\/10\/icon_fitnesstanz_schwarz_auf_weiss_50mm_rgb_300dpi.jpg 827w, https:\/\/tsv-mimmenhausen-turnen.de\/wp-content\/uploads\/2020\/10\/icon_fitnesstanz_schwarz_auf_weiss_50mm_rgb_300dpi-300x300.jpg 300w, https:\/\/tsv-mimmenhausen-turnen.de\/wp-content\/uploads\/2020\/10\/icon_fitnesstanz_schwarz_auf_weiss_50mm_rgb_300dpi-150x150.jpg 150w, https:\/\/tsv-mimmenhausen-turnen.de\/wp-content\/uploads\/2020\/10\/icon_fitnesstanz_schwarz_auf_weiss_50mm_rgb_300dpi-768x768.jpg 768w, https:\/\/tsv-mimmenhausen-turnen.de\/wp-content\/uploads\/2020\/10\/icon_fitnesstanz_schwarz_auf_weiss_50mm_rgb_300dpi-75x75.jpg 75w\" sizes=\"auto, (max-width: 827px) 100vw, 827px\" \/><\/figure>\n\n\n\n<figure class=\"wp-block-image size-large\"><img loading=\"lazy\" decoding=\"async\" width=\"827\" height=\"827\" data-id=\"50\" src=\"https:\/\/tsv-mimmenhausen-turnen.de\/wp-content\/uploads\/2020\/10\/icon_faustball_schwarz_auf_weiss_50mm_rgb_300dpi.jpg\" alt=\"\" class=\"wp-image-50\" srcset=\"https:\/\/tsv-mimmenhausen-turnen.de\/wp-content\/uploads\/2020\/10\/icon_faustball_schwarz_auf_weiss_50mm_rgb_300dpi.jpg 827w, https:\/\/tsv-mimmenhausen-turnen.de\/wp-content\/uploads\/2020\/10\/icon_faustball_schwarz_auf_weiss_50mm_rgb_300dpi-300x300.jpg 300w, https:\/\/tsv-mimmenhausen-turnen.de\/wp-content\/uploads\/2020\/10\/icon_faustball_schwarz_auf_weiss_50mm_rgb_300dpi-150x150.jpg 150w, https:\/\/tsv-mimmenhausen-turnen.de\/wp-content\/uploads\/2020\/10\/icon_faustball_schwarz_auf_weiss_50mm_rgb_300dpi-768x768.jpg 768w, https:\/\/tsv-mimmenhausen-turnen.de\/wp-content\/uploads\/2020\/10\/icon_faustball_schwarz_auf_weiss_50mm_rgb_300dpi-75x75.jpg 75w\" sizes=\"auto, (max-width: 827px) 100vw, 827px\" \/><\/figure>\n\n\n\n<figure class=\"wp-block-image size-large\"><img loading=\"lazy\" decoding=\"async\" width=\"827\" height=\"827\" data-id=\"49\" src=\"https:\/\/tsv-mimmenhausen-turnen.de\/wp-content\/uploads\/2020\/10\/icon_eltern-kind-turnen_schwarz_auf_weiss_50mm_rgb_300dpi.jpg\" alt=\"\" class=\"wp-image-49\" srcset=\"https:\/\/tsv-mimmenhausen-turnen.de\/wp-content\/uploads\/2020\/10\/icon_eltern-kind-turnen_schwarz_auf_weiss_50mm_rgb_300dpi.jpg 827w, https:\/\/tsv-mimmenhausen-turnen.de\/wp-content\/uploads\/2020\/10\/icon_eltern-kind-turnen_schwarz_auf_weiss_50mm_rgb_300dpi-300x300.jpg 300w, https:\/\/tsv-mimmenhausen-turnen.de\/wp-content\/uploads\/2020\/10\/icon_eltern-kind-turnen_schwarz_auf_weiss_50mm_rgb_300dpi-150x150.jpg 150w, https:\/\/tsv-mimmenhausen-turnen.de\/wp-content\/uploads\/2020\/10\/icon_eltern-kind-turnen_schwarz_auf_weiss_50mm_rgb_300dpi-768x768.jpg 768w, https:\/\/tsv-mimmenhausen-turnen.de\/wp-content\/uploads\/2020\/10\/icon_eltern-kind-turnen_schwarz_auf_weiss_50mm_rgb_300dpi-75x75.jpg 75w\" sizes=\"auto, (max-width: 827px) 100vw, 827px\" \/><\/figure>\n\n\n\n<figure class=\"wp-block-image size-large\"><img loading=\"lazy\" decoding=\"async\" width=\"827\" height=\"827\" data-id=\"48\" src=\"https:\/\/tsv-mimmenhausen-turnen.de\/wp-content\/uploads\/2020\/10\/icon_bodenturnen_schwarz_auf_weiss_50mm_rgb_300dpi.jpg\" alt=\"\" class=\"wp-image-48\" srcset=\"https:\/\/tsv-mimmenhausen-turnen.de\/wp-content\/uploads\/2020\/10\/icon_bodenturnen_schwarz_auf_weiss_50mm_rgb_300dpi.jpg 827w, https:\/\/tsv-mimmenhausen-turnen.de\/wp-content\/uploads\/2020\/10\/icon_bodenturnen_schwarz_auf_weiss_50mm_rgb_300dpi-300x300.jpg 300w, https:\/\/tsv-mimmenhausen-turnen.de\/wp-content\/uploads\/2020\/10\/icon_bodenturnen_schwarz_auf_weiss_50mm_rgb_300dpi-150x150.jpg 150w, https:\/\/tsv-mimmenhausen-turnen.de\/wp-content\/uploads\/2020\/10\/icon_bodenturnen_schwarz_auf_weiss_50mm_rgb_300dpi-768x768.jpg 768w, https:\/\/tsv-mimmenhausen-turnen.de\/wp-content\/uploads\/2020\/10\/icon_bodenturnen_schwarz_auf_weiss_50mm_rgb_300dpi-75x75.jpg 75w\" sizes=\"auto, (max-width: 827px) 100vw, 827px\" \/><\/figure>\n\n\n\n<figure class=\"wp-block-image size-large\"><img loading=\"lazy\" decoding=\"async\" width=\"827\" height=\"827\" data-id=\"47\" src=\"https:\/\/tsv-mimmenhausen-turnen.de\/wp-content\/uploads\/2020\/10\/icon_barrenturnen_schwarz_auf_weiss_50mm_rgb_300dpi.jpg\" alt=\"\" class=\"wp-image-47\" srcset=\"https:\/\/tsv-mimmenhausen-turnen.de\/wp-content\/uploads\/2020\/10\/icon_barrenturnen_schwarz_auf_weiss_50mm_rgb_300dpi.jpg 827w, https:\/\/tsv-mimmenhausen-turnen.de\/wp-content\/uploads\/2020\/10\/icon_barrenturnen_schwarz_auf_weiss_50mm_rgb_300dpi-300x300.jpg 300w, https:\/\/tsv-mimmenhausen-turnen.de\/wp-content\/uploads\/2020\/10\/icon_barrenturnen_schwarz_auf_weiss_50mm_rgb_300dpi-150x150.jpg 150w, https:\/\/tsv-mimmenhausen-turnen.de\/wp-content\/uploads\/2020\/10\/icon_barrenturnen_schwarz_auf_weiss_50mm_rgb_300dpi-768x768.jpg 768w, https:\/\/tsv-mimmenhausen-turnen.de\/wp-content\/uploads\/2020\/10\/icon_barrenturnen_schwarz_auf_weiss_50mm_rgb_300dpi-75x75.jpg 75w\" sizes=\"auto, (max-width: 827px) 100vw, 827px\" \/><\/figure>\n<\/figure>\n\n\n\n<h2 class=\"wp-block-heading alignwide has-text-align-center\"><strong>Hallo und herzlich willkommen auf der Website der Abteilung Turnen des TSV Mimmenhausen!<\/strong><\/h2>\n\n\n\n<h4 class=\"wp-block-heading has-text-align-center has-text-color has-link-color wp-elements-2059c2218bb5846a1674e1176161cf6b\" style=\"color:#d00000\">Achtung!<\/h4>\n\n\n\n<h4 class=\"wp-block-heading has-text-color has-link-color wp-elements-4b30ce2c1e10bb06436638ad25f515ad\" style=\"color:#d00000\">Wir suchen dringend eine Helferin f\u00fcr das Ger\u00e4teturnen &#8222;M\u00e4dchen ab 7 J.&#8220; (Turnhalle Neufrach).<\/h4>\n\n\n\n<h4 class=\"wp-block-heading has-text-color has-link-color wp-elements-8393b2d459b1d62e6d6f71e846e9b1eb\" style=\"color:#d00000\">Bitte bei Annemarie Rayczyk melden (Tel.: 07553 502, eMail: annemarie.rayczyk@t-online.de)<\/h4>\n\n\n\n<h4 class=\"wp-block-heading has-text-color has-link-color wp-elements-5189ecc5f96f02064b6bfc5a72a16bf2\" style=\"color:#d00000\"><strong>Im Eltern\/Kind-Turnen und Spiel &amp; Spa\u00df im Vorschul-alter gibt Wartelisten. Beide Wartelisten sind voll. <\/strong><\/h4>\n\n\n\n<p class=\"has-medium-font-size\">Hier wollen wir Ihnen stets unser aktuelles Programm vorstellen &#8211; f\u00fcr Frauen, M\u00e4nner und Kinder von 2 &#8211; 94 Jahren.<\/p>\n\n\n\n<p class=\"has-medium-font-size\">Ob Sport, Spiel, Spa\u00df und Ger\u00e4teturnen f\u00fcr Jungen und M\u00e4dchen oder Fitness und Gesundheit f\u00fcr jedes Alter &#8211; auch f\u00fcr Senioren.<br>Im Rahmen der g\u00fcnstigen Mitgliedschaft steht Ihnen \u00fcbers ganze Jahr ein von ausgebildeten \u00dcbungsleiterinnen angeleitetes Programm zur Verf\u00fcgung.<\/p>\n\n\n\n<p class=\"has-medium-font-size\">Dar\u00fcber hinaus finden auch besondere Kurse statt. Die aktuellen Kursangebote finden Sie oben auf der entsprechenden Seite.<\/p>\n\n\n\n<p>Bei Fragen wenden Sie sich gerne an <\/p>\n\n\n\n<p>Annemarie Rayczyk.<br>Tel.: 07553 \/ 502<br>e-Mail: <a href=\"mailto:annemarie.rayczyk@t-online.de?subject=TSV Mimmenhausen\">annemarie.rayczyk@t-online.de<\/a><\/p>\n\n\n\n<p class=\"has-text-align-center has-medium-font-size\"><strong>Wir freuen uns auf Sie!<\/strong><\/p>\n\n\n\n<p class=\"has-medium-font-size\"><\/p>\n","protected":false},"excerpt":{"rendered":"<p>Hallo und herzlich willkommen auf der Website der Abteilung Turnen des TSV Mimmenhausen! Achtung! Wir suchen dringend eine Helferin f\u00fcr das Ger\u00e4teturnen &#8222;M\u00e4dchen ab 7 J.&#8220; (Turnhalle Neufrach). Bitte bei Annemarie Rayczyk melden (Tel.: 07553 502, eMail: annemarie.rayczyk@t-online.de) Im Eltern\/Kind-Turnen und Spiel &amp; Spa\u00df im Vorschul-alter gibt Wartelisten. Beide Wartelisten sind voll. Hier wollen wir&hellip; <a class=\"more-link\" href=\"https:\/\/tsv-mimmenhausen-turnen.de\/\"><span class=\"screen-reader-text\">Willkommen<\/span> weiterlesen<\/a><\/p>\n","protected":false},"author":1,"featured_media":0,"parent":0,"menu_order":0,"comment_status":"closed","ping_status":"closed","template":"","meta":{"footnotes":""},"class_list":["post-27","page","type-page","status-publish","hentry","entry"],"_links":{"self":[{"href":"https:\/\/tsv-mimmenhausen-turnen.de\/index.php?rest_route=\/wp\/v2\/pages\/27","targetHints":{"allow":["GET"]}}],"collection":[{"href":"https:\/\/tsv-mimmenhausen-turnen.de\/index.php?rest_route=\/wp\/v2\/pages"}],"about":[{"href":"https:\/\/tsv-mimmenhausen-turnen.de\/index.php?rest_route=\/wp\/v2\/types\/page"}],"author":[{"embeddable":true,"href":"https:\/\/tsv-mimmenhausen-turnen.de\/index.php?rest_route=\/wp\/v2\/users\/1"}],"replies":[{"embeddable":true,"href":"https:\/\/tsv-mimmenhausen-turnen.de\/index.php?rest_route=%2Fwp%2Fv2%2Fcomments&post=27"}],"version-history":[{"count":28,"href":"https:\/\/tsv-mimmenhausen-turnen.de\/index.php?rest_route=\/wp\/v2\/pages\/27\/revisions"}],"predecessor-version":[{"id":365,"href":"https:\/\/tsv-mimmenhausen-turnen.de\/index.php?rest_route=\/wp\/v2\/pages\/27\/revisions\/365"}],"wp:attachment":[{"href":"https:\/\/tsv-mimmenhausen-turnen.de\/index.php?rest_route=%2Fwp%2Fv2%2Fmedia&parent=27"}],"curies":[{"name":"wp","href":"https:\/\/api.w.org\/{rel}","templated":true}]}}