{"id":8,"date":"2020-10-29T10:56:55","date_gmt":"2020-10-29T10:56:55","guid":{"rendered":"https:\/\/tsv-mimmenhausen-turnen.de\/?page_id=8"},"modified":"2025-09-30T13:15:45","modified_gmt":"2025-09-30T13:15:45","slug":"programm","status":"publish","type":"page","link":"https:\/\/tsv-mimmenhausen-turnen.de\/?page_id=8","title":{"rendered":"Programm"},"content":{"rendered":"\n<div class=\"wp-block-columns alignwide are-vertically-aligned-center is-layout-flex wp-container-core-columns-is-layout-9d6595d7 wp-block-columns-is-layout-flex\">\n<div class=\"wp-block-column is-vertically-aligned-center is-layout-flow wp-block-column-is-layout-flow\" style=\"flex-basis:15%\">\n<figure class=\"wp-block-image\"><img loading=\"lazy\" decoding=\"async\" width=\"827\" height=\"827\" src=\"https:\/\/tsv-mimmenhausen-turnen.de\/wp-content\/uploads\/2020\/10\/icon_eltern-kind-turnen_schwarz_auf_weiss_50mm_rgb_300dpi.jpg\" alt=\"\" class=\"wp-image-49\" srcset=\"https:\/\/tsv-mimmenhausen-turnen.de\/wp-content\/uploads\/2020\/10\/icon_eltern-kind-turnen_schwarz_auf_weiss_50mm_rgb_300dpi.jpg 827w, https:\/\/tsv-mimmenhausen-turnen.de\/wp-content\/uploads\/2020\/10\/icon_eltern-kind-turnen_schwarz_auf_weiss_50mm_rgb_300dpi-300x300.jpg 300w, https:\/\/tsv-mimmenhausen-turnen.de\/wp-content\/uploads\/2020\/10\/icon_eltern-kind-turnen_schwarz_auf_weiss_50mm_rgb_300dpi-150x150.jpg 150w, https:\/\/tsv-mimmenhausen-turnen.de\/wp-content\/uploads\/2020\/10\/icon_eltern-kind-turnen_schwarz_auf_weiss_50mm_rgb_300dpi-768x768.jpg 768w, https:\/\/tsv-mimmenhausen-turnen.de\/wp-content\/uploads\/2020\/10\/icon_eltern-kind-turnen_schwarz_auf_weiss_50mm_rgb_300dpi-75x75.jpg 75w\" sizes=\"auto, (max-width: 827px) 100vw, 827px\" \/><\/figure>\n<\/div>\n\n\n\n<div class=\"wp-block-column is-vertically-aligned-center is-layout-flow wp-block-column-is-layout-flow\" style=\"flex-basis:85%\">\n<p class=\"has-large-font-size\"><strong>Sport, Spiel und Spa\u00df f\u00fcr Kinder<\/strong><\/p>\n\n\n\n<p class=\"has-medium-font-size\"><strong>Eltern-Kind-Turnen f\u00fcr Kinder ab 2 J. und ihre M\u00fctter \/ V\u00e4ter<\/strong> <\/p>\n\n\n\n<p class=\"has-text-color has-link-color wp-elements-9bbf5bb1d0b2f3547141dc1b13356f33\" style=\"color:#d00000\"><strong>Achtung! \u00c4nderung!<\/strong><\/p>\n\n\n\n<p class=\"has-text-color has-link-color has-medium-font-size wp-elements-85a56b0ce5feb535dd4a53bfbe4ecebe\" style=\"color:#d00000\">Montag 15:30 &#8211; 16:30 Uhr Turnhalle Neufrach Jessica Carli &amp; Lisa Liesbrock<\/p>\n\n\n\n<p class=\"has-text-color has-link-color has-medium-font-size wp-elements-182c5ec9ca31a971fe380d6e970b50f1\" style=\"color:#d00000\">Donnerstag 15:30 &#8211; 16:30 Uhr Turnhalle Neufrach Teresa Koch<\/p>\n\n\n\n<p class=\"has-medium-font-size\"><strong>Kinderturnen f\u00fcr M\u00e4dchen und Jungen ab 3 Jahren<\/strong> <\/p>\n\n\n\n<p>Freitag 15:15 &#8211; 16:15 Uhr DGH Mimmenhausen Tamara Braun &amp; Jenny M\u00f6ller<\/p>\n\n\n\n<p class=\"has-medium-font-size\"><strong>Kinderturnen von 4 &#8211; 5 Jahren, M\u00e4dchen und Jungen<\/strong> <\/p>\n\n\n\n<p>Mittwoch 15:00 &#8211; 16:00 Uhr BZ-Halle Nicole Herrmann &amp; Helferinnen<\/p>\n\n\n\n<p><strong>Bewegung, Spiel &amp; Spa\u00df im Vorschulalter<\/strong><\/p>\n\n\n\n<p>Freitag 16:30 &#8211; 17:30 Uhr im DGH Mimmenhausen Melanie Trautmann<\/p>\n\n\n\n<p class=\"has-medium-font-size\"><strong>Ger\u00e4teturnen f\u00fcr M\u00e4dchen, 2. &#8211; 4. Klasse<\/strong> <\/p>\n\n\n\n<p>Dienstag 15:30 &#8211; 17:00 Uhr Turnhalle Neufrach Lilli Hoher<\/p>\n\n\n\n<p class=\"has-medium-font-size\"><strong>Ger\u00e4teturnen f\u00fcr M\u00e4dchen ab 7 Jahre<\/strong><\/p>\n\n\n\n<p>Dienstag 16:30 &#8211; 18:15 Uhr Turnhalle Grundschule Mimmenhausen Carina &amp; Sonja Benzing<\/p>\n<\/div>\n<\/div>\n\n\n\n<div class=\"wp-block-columns alignwide are-vertically-aligned-center is-layout-flex wp-container-core-columns-is-layout-9d6595d7 wp-block-columns-is-layout-flex\">\n<div class=\"wp-block-column is-vertically-aligned-center is-layout-flow wp-block-column-is-layout-flow\" style=\"flex-basis:82%\">\n<div style=\"height:60px\" aria-hidden=\"true\" class=\"wp-block-spacer\"><\/div>\n\n\n\n<p class=\"has-large-font-size\"><strong>Gymnastik und Fitness f\u00fcr Erwachsene<\/strong><\/p>\n\n\n\n<p class=\"has-medium-font-size\"><br><strong>Fit ins Alter \/ Gymnastik f\u00fcr Seniorinnen <\/strong> <\/p>\n\n\n\n<p>Montag 16:30 &#8211; 17:30 Uhr DGH Mimmenhausen Annemarie Rayczyk<\/p>\n\n\n\n<p class=\"has-medium-font-size\"><strong>KABA f\u00fcr alle<\/strong> \/ <strong>K<\/strong>raft, <strong>A<\/strong>usdauer, <strong>B<\/strong>eweglichkeit,<strong> A<\/strong>ktiv<strong> <\/strong> <\/p>\n\n\n\n<p>Mittwoch 17:00 &#8211; 18:00 Uhr DGH Mimmenhausen Bettina Majewski<\/p>\n\n\n\n<p class=\"has-medium-font-size\"><strong>Aktiv &amp; Fit mit Sonja<\/strong> <\/p>\n\n\n\n<p>Mittwoch 20:00 &#8211; 21:00 Uhr DGH Mimmenhausen Sonja Benzing<\/p>\n\n\n\n<p class=\"has-medium-font-size\"><strong>Wir bleiben fit &amp; beweglich<\/strong><\/p>\n\n\n\n<p>Donnerstag 16:30 &#8211; 17:45 Uhr DGH Mimmenhausen Christel Bordasch<\/p>\n\n\n\n<p class=\"has-medium-font-size\"><strong>Step-Aerobic und Gymnastik am Vormittag<\/strong> <\/p>\n\n\n\n<p>Freitag 8:00 &#8211; 9:00 Uhr Prinz Max Neufrach Bettina Majewski<\/p>\n\n\n\n<p class=\"has-medium-font-size\"><strong>Fit im besten Alter \/ Mobilisation, Kr\u00e4ftigung und Beweglichkeit<\/strong><\/p>\n\n\n\n<p>Freitag 9:30 &#8211; 10:30 Uhr Prinz Max Neufrach Annemarie Rayczyk<\/p>\n\n\n\n<p class=\"has-medium-font-size\"><strong>Fitte Senioren (Gymnastik mit anschlie\u00dfendem Faustball)<\/strong> <\/p>\n\n\n\n<p>Freitag 14:00 &#8211; 16:00 Uhr BZ-Halle 4 Annemarie Rayczyk<\/p>\n<\/div>\n\n\n\n<div class=\"wp-block-column is-vertically-aligned-center is-layout-flow wp-block-column-is-layout-flow\" style=\"flex-basis:18%\">\n<figure class=\"wp-block-image\"><img loading=\"lazy\" decoding=\"async\" width=\"828\" height=\"828\" src=\"https:\/\/tsv-mimmenhausen-turnen.de\/wp-content\/uploads\/2020\/10\/icon_Rueckensport_schwarz_auf_weiss_50mm_rgb_300dpi.jpg\" alt=\"\" class=\"wp-image-53\" srcset=\"https:\/\/tsv-mimmenhausen-turnen.de\/wp-content\/uploads\/2020\/10\/icon_Rueckensport_schwarz_auf_weiss_50mm_rgb_300dpi.jpg 828w, https:\/\/tsv-mimmenhausen-turnen.de\/wp-content\/uploads\/2020\/10\/icon_Rueckensport_schwarz_auf_weiss_50mm_rgb_300dpi-300x300.jpg 300w, https:\/\/tsv-mimmenhausen-turnen.de\/wp-content\/uploads\/2020\/10\/icon_Rueckensport_schwarz_auf_weiss_50mm_rgb_300dpi-150x150.jpg 150w, https:\/\/tsv-mimmenhausen-turnen.de\/wp-content\/uploads\/2020\/10\/icon_Rueckensport_schwarz_auf_weiss_50mm_rgb_300dpi-768x768.jpg 768w, https:\/\/tsv-mimmenhausen-turnen.de\/wp-content\/uploads\/2020\/10\/icon_Rueckensport_schwarz_auf_weiss_50mm_rgb_300dpi-75x75.jpg 75w\" sizes=\"auto, (max-width: 828px) 100vw, 828px\" \/><\/figure>\n<\/div>\n<\/div>\n\n\n\n<p><\/p>\n","protected":false},"excerpt":{"rendered":"<p>Sport, Spiel und Spa\u00df f\u00fcr Kinder Eltern-Kind-Turnen f\u00fcr Kinder ab 2 J. und ihre M\u00fctter \/ V\u00e4ter Achtung! \u00c4nderung! Montag 15:30 &#8211; 16:30 Uhr Turnhalle Neufrach Jessica Carli &amp; Lisa Liesbrock Donnerstag 15:30 &#8211; 16:30 Uhr Turnhalle Neufrach Teresa Koch Kinderturnen f\u00fcr M\u00e4dchen und Jungen ab 3 Jahren Freitag 15:15 &#8211; 16:15 Uhr DGH Mimmenhausen&hellip; <a class=\"more-link\" href=\"https:\/\/tsv-mimmenhausen-turnen.de\/?page_id=8\"><span class=\"screen-reader-text\">Programm<\/span> weiterlesen<\/a><\/p>\n","protected":false},"author":1,"featured_media":0,"parent":0,"menu_order":0,"comment_status":"closed","ping_status":"closed","template":"","meta":{"footnotes":""},"class_list":["post-8","page","type-page","status-publish","hentry","entry"],"_links":{"self":[{"href":"https:\/\/tsv-mimmenhausen-turnen.de\/index.php?rest_route=\/wp\/v2\/pages\/8","targetHints":{"allow":["GET"]}}],"collection":[{"href":"https:\/\/tsv-mimmenhausen-turnen.de\/index.php?rest_route=\/wp\/v2\/pages"}],"about":[{"href":"https:\/\/tsv-mimmenhausen-turnen.de\/index.php?rest_route=\/wp\/v2\/types\/page"}],"author":[{"embeddable":true,"href":"https:\/\/tsv-mimmenhausen-turnen.de\/index.php?rest_route=\/wp\/v2\/users\/1"}],"replies":[{"embeddable":true,"href":"https:\/\/tsv-mimmenhausen-turnen.de\/index.php?rest_route=%2Fwp%2Fv2%2Fcomments&post=8"}],"version-history":[{"count":32,"href":"https:\/\/tsv-mimmenhausen-turnen.de\/index.php?rest_route=\/wp\/v2\/pages\/8\/revisions"}],"predecessor-version":[{"id":361,"href":"https:\/\/tsv-mimmenhausen-turnen.de\/index.php?rest_route=\/wp\/v2\/pages\/8\/revisions\/361"}],"wp:attachment":[{"href":"https:\/\/tsv-mimmenhausen-turnen.de\/index.php?rest_route=%2Fwp%2Fv2%2Fmedia&parent=8"}],"curies":[{"name":"wp","href":"https:\/\/api.w.org\/{rel}","templated":true}]}}